{"id":3,"date":"2020-03-04T15:26:23","date_gmt":"2020-03-04T14:26:23","guid":{"rendered":"https:\/\/www.engarde.net\/graz\/?page_id=3"},"modified":"2024-07-16T11:55:54","modified_gmt":"2024-07-16T09:55:54","slug":"impressum","status":"publish","type":"page","link":"https:\/\/www.engarde.net\/graz\/impressum\/","title":{"rendered":"Impressum"},"content":{"rendered":"\t\t<div data-elementor-type=\"wp-page\" data-elementor-id=\"3\" class=\"elementor elementor-3\" data-elementor-post-type=\"page\">\n\t\t\t\t\t\t<section data-dce-background-color=\"#020101\" class=\"elementor-section elementor-top-section elementor-element elementor-element-102658b7 elementor-section-boxed elementor-section-height-default elementor-section-height-default\" data-id=\"102658b7\" data-element_type=\"section\" data-e-type=\"section\" data-settings=\"{&quot;background_background&quot;:&quot;classic&quot;}\">\n\t\t\t\t\t\t<div class=\"elementor-container elementor-column-gap-default\">\n\t\t\t\t\t<div class=\"elementor-column elementor-col-100 elementor-top-column elementor-element elementor-element-7dd83226\" data-id=\"7dd83226\" data-element_type=\"column\" data-e-type=\"column\">\n\t\t\t<div class=\"elementor-widget-wrap elementor-element-populated\">\n\t\t\t\t\t\t<div data-dce-title-color=\"#FFFFFF\" class=\"elementor-element elementor-element-1b4a176b elementor-widget elementor-widget-heading\" data-id=\"1b4a176b\" data-element_type=\"widget\" data-e-type=\"widget\" data-widget_type=\"heading.default\">\n\t\t\t\t<div class=\"elementor-widget-container\">\n\t\t\t\t\t<h2 class=\"elementor-heading-title elementor-size-default\">Impressum<\/h2>\t\t\t\t<\/div>\n\t\t\t\t<\/div>\n\t\t\t\t<div data-dce-title-color=\"#FFFFFF\" class=\"elementor-element elementor-element-2ff43d3 elementor-widget elementor-widget-heading\" data-id=\"2ff43d3\" data-element_type=\"widget\" data-e-type=\"widget\" data-widget_type=\"heading.default\">\n\t\t\t\t<div class=\"elementor-widget-container\">\n\t\t\t\t\t<h2 class=\"elementor-heading-title elementor-size-default\">Standort Graz<\/h2>\t\t\t\t<\/div>\n\t\t\t\t<\/div>\n\t\t\t\t<div data-dce-text-color=\"#FFFFFF\" class=\"elementor-element elementor-element-38425f8d elementor-widget elementor-widget-text-editor\" data-id=\"38425f8d\" data-element_type=\"widget\" data-e-type=\"widget\" data-widget_type=\"text-editor.default\">\n\t\t\t\t<div class=\"elementor-widget-container\">\n\t\t\t\t\t\t\t\t\t<p><strong>EN GARDE Interdisciplinary GmbH<\/strong><br \/>Stempfergasse 1\/10, 8010 Graz, \u00d6sterreich<br \/>FN 369350 m<br \/>ATU66732226<\/p><p><em>Gesch\u00e4ftsf\u00fchrung:<\/em><br \/>Matthias Platzer, Patrick Haas<\/p><p><em>Bankverbindung:<\/em><br \/>Steierm\u00e4rkische Bank und Sparkassen AG, 8010\u00a0Graz<br \/>IBAN AT69 2081 5000 0162 4808<br \/>BIC\/SWIFT STSPAT2G<\/p>\t\t\t\t\t\t\t\t<\/div>\n\t\t\t\t<\/div>\n\t\t\t\t<div data-dce-text-color=\"#FFFFFF\" class=\"elementor-element elementor-element-359aa4e elementor-widget elementor-widget-text-editor\" data-id=\"359aa4e\" data-element_type=\"widget\" data-e-type=\"widget\" data-widget_type=\"text-editor.default\">\n\t\t\t\t<div class=\"elementor-widget-container\">\n\t\t\t\t\t\t\t\t\t<header class=\"site_wrapper post_header  \"><p class=\"title\"><span style=\"text-decoration: underline;\"><a href=\"https:\/\/www.engarde.net\/graz\/agb\/\">Allgemeine Gesch\u00e4fts\u00adbedingungen<\/a><\/span><\/p><\/header>\t\t\t\t\t\t\t\t<\/div>\n\t\t\t\t<\/div>\n\t\t\t\t<div data-dce-title-color=\"#FFFFFF\" class=\"elementor-element elementor-element-f7df40a elementor-widget elementor-widget-heading\" data-id=\"f7df40a\" data-element_type=\"widget\" data-e-type=\"widget\" data-widget_type=\"heading.default\">\n\t\t\t\t<div class=\"elementor-widget-container\">\n\t\t\t\t\t<h2 class=\"elementor-heading-title elementor-size-default\">Standort Wien<\/h2>\t\t\t\t<\/div>\n\t\t\t\t<\/div>\n\t\t\t\t<div data-dce-text-color=\"#FFFFFF\" class=\"elementor-element elementor-element-a2a1c81 elementor-widget elementor-widget-text-editor\" data-id=\"a2a1c81\" data-element_type=\"widget\" data-e-type=\"widget\" data-widget_type=\"text-editor.default\">\n\t\t\t\t<div class=\"elementor-widget-container\">\n\t\t\t\t\t\t\t\t\t<p>COLLETTIVA Design GmbH<br \/>Kirchengasse 48\/8, 1070 Wien, \u00d6sterreich<br \/>FN 215015 z<br \/>ATU58202055<\/p><p><em>Gesch\u00e4ftsf\u00fchrung:<\/em><br \/>Matthias Platzer<\/p>\t\t\t\t\t\t\t\t<\/div>\n\t\t\t\t<\/div>\n\t\t\t\t\t<\/div>\n\t\t<\/div>\n\t\t\t\t\t<\/div>\n\t\t<\/section>\n\t\t\t\t<section class=\"elementor-section elementor-top-section elementor-element elementor-element-b29487e elementor-section-boxed elementor-section-height-default elementor-section-height-default\" data-id=\"b29487e\" data-element_type=\"section\" data-e-type=\"section\">\n\t\t\t\t\t\t<div class=\"elementor-container elementor-column-gap-default\">\n\t\t\t\t\t<div class=\"elementor-column elementor-col-100 elementor-top-column elementor-element elementor-element-044696a\" data-id=\"044696a\" data-element_type=\"column\" data-e-type=\"column\">\n\t\t\t<div class=\"elementor-widget-wrap elementor-element-populated\">\n\t\t\t\t\t\t<div class=\"elementor-element elementor-element-4171c5e elementor-widget elementor-widget-heading\" data-id=\"4171c5e\" data-element_type=\"widget\" data-e-type=\"widget\" data-widget_type=\"heading.default\">\n\t\t\t\t<div class=\"elementor-widget-container\">\n\t\t\t\t\t<h2 class=\"elementor-heading-title elementor-size-default\">Erkl\u00e4rung zur Informationspflicht\n\n(Datenschutzerkl\u00e4rung)<\/h2>\t\t\t\t<\/div>\n\t\t\t\t<\/div>\n\t\t\t\t<div class=\"elementor-element elementor-element-53fefd4 elementor-widget elementor-widget-text-editor\" data-id=\"53fefd4\" data-element_type=\"widget\" data-e-type=\"widget\" data-widget_type=\"text-editor.default\">\n\t\t\t\t<div class=\"elementor-widget-container\">\n\t\t\t\t\t\t\t\t\t<p>Der Schutz Ihrer pers\u00f6nlichen Daten ist uns ein besonderes Anliegen. Wir verarbeiten Ihre Daten daher ausschlie\u00dflich auf Grundlage der gesetzlichen Bestimmungen (DSGVO, TKG 2003). In diesen Datenschutzinformationen informieren wir Sie \u00fcber die wichtigsten Aspekte der Datenverarbeitung im Rahmen unserer Website.<\/p>\t\t\t\t\t\t\t\t<\/div>\n\t\t\t\t<\/div>\n\t\t\t\t<div data-dce-title-color=\"#000000\" class=\"elementor-element elementor-element-79e2424 elementor-widget elementor-widget-heading\" data-id=\"79e2424\" data-element_type=\"widget\" data-e-type=\"widget\" data-widget_type=\"heading.default\">\n\t\t\t\t<div class=\"elementor-widget-container\">\n\t\t\t\t\t<h2 class=\"elementor-heading-title elementor-size-default\">Kontakt mit uns<\/h2>\t\t\t\t<\/div>\n\t\t\t\t<\/div>\n\t\t\t\t<div class=\"elementor-element elementor-element-b323e5e elementor-widget elementor-widget-text-editor\" data-id=\"b323e5e\" data-element_type=\"widget\" data-e-type=\"widget\" data-widget_type=\"text-editor.default\">\n\t\t\t\t<div class=\"elementor-widget-container\">\n\t\t\t\t\t\t\t\t\t<p>Wenn Sie per Formular auf der Website oder per E-Mail Kontakt mit uns aufnehmen, werden Ihre angegebenen Daten zwecks Bearbeitung der Anfrage und f\u00fcr den Fall von Anschlussfragen bei uns gespeichert. Diese Daten geben wir nicht ohne Ihre Einwilligung weiter.<\/p>\t\t\t\t\t\t\t\t<\/div>\n\t\t\t\t<\/div>\n\t\t\t\t<div data-dce-title-color=\"#000000\" class=\"elementor-element elementor-element-78e2ca0 elementor-widget elementor-widget-heading\" data-id=\"78e2ca0\" data-element_type=\"widget\" data-e-type=\"widget\" data-widget_type=\"heading.default\">\n\t\t\t\t<div class=\"elementor-widget-container\">\n\t\t\t\t\t<h2 class=\"elementor-heading-title elementor-size-default\">Cookies<\/h2>\t\t\t\t<\/div>\n\t\t\t\t<\/div>\n\t\t\t\t<div class=\"elementor-element elementor-element-b16636f elementor-widget elementor-widget-text-editor\" data-id=\"b16636f\" data-element_type=\"widget\" data-e-type=\"widget\" data-widget_type=\"text-editor.default\">\n\t\t\t\t<div class=\"elementor-widget-container\">\n\t\t\t\t\t\t\t\t\t<p>Unsere Website verwendet so genannte Cookies. Dabei handelt es sich um kleine Textdateien, die mit Hilfe des Browsers auf Ihrem Endger\u00e4t abgelegt werden. Sie richten keinen Schaden an.<\/p><p>Wir nutzen Cookies dazu, unser Angebot nutzerfreundlich zu gestalten und f\u00fcr sie zu personalisieren. Einige Cookies bleiben auf Ihrem Endger\u00e4t gespeichert, bis Sie diese l\u00f6schen. Sie erm\u00f6glichen es uns, Ihren Browser beim n\u00e4chsten Besuch wiederzuerkennen.<\/p><p>\u00a0<\/p><p>[borlabs-cookie type=&#8221;btn-cookie-preference&#8221; title=&#8221;Datenschutzeinstellungen&#8221; element=&#8221;link&#8221;\/]<\/p>\t\t\t\t\t\t\t\t<\/div>\n\t\t\t\t<\/div>\n\t\t\t\t<div data-dce-title-color=\"#000000\" class=\"elementor-element elementor-element-09b433c elementor-widget elementor-widget-heading\" data-id=\"09b433c\" data-element_type=\"widget\" data-e-type=\"widget\" data-widget_type=\"heading.default\">\n\t\t\t\t<div class=\"elementor-widget-container\">\n\t\t\t\t\t<h2 class=\"elementor-heading-title elementor-size-default\">Web-Analyse<\/h2>\t\t\t\t<\/div>\n\t\t\t\t<\/div>\n\t\t\t\t<div class=\"elementor-element elementor-element-808e34f elementor-widget elementor-widget-text-editor\" data-id=\"808e34f\" data-element_type=\"widget\" data-e-type=\"widget\" data-widget_type=\"text-editor.default\">\n\t\t\t\t<div class=\"elementor-widget-container\">\n\t\t\t\t\t\t\t\t\t<p>Unsere Website verwendet Funktionen des Webanalysedienstes Google Analytics und HubSpot<i>.\u00a0<\/i>Dazu werden Cookies verwendet, die eine Analyse der Benutzung der Website durch Ihre Benutzer erm\u00f6glicht. Die dadurch erzeugten Informationen werden auf den Server des Anbieters \u00fcbertragen und dort gespeichert.<\/p><p>\u00a0<\/p><p>Sie k\u00f6nnen dies verhindern, indem Sie Ihren Browser so einrichten, dass keine Cookies gespeichert werden.<\/p><p>\u00a0<\/p><p>Wir haben mit dem Anbieter einen entsprechenden Vertrag zur Auftragsdatenverarbeitung abgeschlossen.<\/p><p>\u00a0<\/p><p>Ihre IP-Adresse wird erfasst, aber umgehend (z.B. durch L\u00f6schung der letzten 8 Bit)pseudonymisiert. Dadurch ist nur mehr eine grobe Lokalisierung m\u00f6glich.<\/p><p>\u00a0<\/p><p><b><\/b>Die Datenverarbeitung erfolgt auf Basis der gesetzlichen Bestimmungen des \u00a7 96 Abs 3 TKG sowie des Art 6 Abs 1 lit a (Einwilligung) und\/oder f (berechtigtes Interesse) der DSGVO.<\/p><p>\u00a0<\/p><p>Unser Anliegen im Sinne der DSGVO (berechtigtes Interesse) ist die Verbesserung unseres Angebotes und unseres Webauftritts.<\/p>\t\t\t\t\t\t\t\t<\/div>\n\t\t\t\t<\/div>\n\t\t\t\t<div data-dce-title-color=\"#000000\" class=\"elementor-element elementor-element-a2e9ab1 elementor-widget elementor-widget-heading\" data-id=\"a2e9ab1\" data-element_type=\"widget\" data-e-type=\"widget\" data-widget_type=\"heading.default\">\n\t\t\t\t<div class=\"elementor-widget-container\">\n\t\t\t\t\t<h2 class=\"elementor-heading-title elementor-size-default\">Google Analytics<\/h2>\t\t\t\t<\/div>\n\t\t\t\t<\/div>\n\t\t\t\t<div class=\"elementor-element elementor-element-5018a01 elementor-widget elementor-widget-text-editor\" data-id=\"5018a01\" data-element_type=\"widget\" data-e-type=\"widget\" data-widget_type=\"text-editor.default\">\n\t\t\t\t<div class=\"elementor-widget-container\">\n\t\t\t\t\t\t\t\t\t<p>Diese Website und deren Apps benutzen Google Analytics, einen Webanalysedienst der Google Inc. (\u201eGoogle\u201c) Google Analytics verwendet sog. \u201eCookies\u201c, Textdateien, die auf Ihrem Computer gespeichert werden und die eine Analyse der Benutzung der Website durch Sie erm\u00f6glicht.<\/p><p>\u00a0<\/p><p>Die durch den Cookie erzeugten Informationen \u00fcber Ihre Benutzung dieser Website (einschlie\u00dflich Ihrer IP-Adresse) wird an einen Server von Google in den USA \u00fcbertragen und dort gespeichert. Google wird diese Informationen benutzen, um Ihre Nutzung der Website auszuwerten, um Reports \u00fcber die Websiteaktivit\u00e4ten f\u00fcr die Websitebetreiber zusammenzustellen und um weitere mit der Websitenutzung und der Internetnutzung verbundene Dienstleistungen zu erbringen.<\/p><p>\u00a0<\/p><p>Auch wird Google diese Informationen gegebenenfalls an Dritte \u00fcbertragen, sofern dies gesetzlich vorgeschrieben oder soweit Dritte diese Daten im Auftrag von Google verarbeiten. Google wird in keinem Fall Ihre IP-Adresse mit anderen Daten der Google in Verbindung bringen. Sie k\u00f6nnen die Installation der Cookies durch eine entsprechende Einstellung Ihrer Browser Software verhindern; wir weisen Sie jedoch darauf hin, dass Sie in diesem Fall gegebenenfalls nicht s\u00e4mtliche Funktionen dieser Website voll umf\u00e4nglich nutzen k\u00f6nnen.<\/p><p>\u00a0<\/p><p>Durch die Nutzung dieser Website erkl\u00e4ren Sie sich mit der Bearbeitung der \u00fcber Sie erhobenen Daten durch Google in der zuvor beschriebenen Art und Weise und zu dem zuvor benannten Zweck einverstanden.<\/p>\t\t\t\t\t\t\t\t<\/div>\n\t\t\t\t<\/div>\n\t\t\t\t<div data-dce-title-color=\"#000000\" class=\"elementor-element elementor-element-157c99c elementor-widget elementor-widget-heading\" data-id=\"157c99c\" data-element_type=\"widget\" data-e-type=\"widget\" data-widget_type=\"heading.default\">\n\t\t\t\t<div class=\"elementor-widget-container\">\n\t\t\t\t\t<h2 class=\"elementor-heading-title elementor-size-default\">Ihre Rechte<\/h2>\t\t\t\t<\/div>\n\t\t\t\t<\/div>\n\t\t\t\t<div class=\"elementor-element elementor-element-cce789d elementor-widget elementor-widget-text-editor\" data-id=\"cce789d\" data-element_type=\"widget\" data-e-type=\"widget\" data-widget_type=\"text-editor.default\">\n\t\t\t\t<div class=\"elementor-widget-container\">\n\t\t\t\t\t\t\t\t\t<p>Ihnen stehen grunds\u00e4tzlich die Rechte auf Auskunft, Berichtigung, L\u00f6schung, Einschr\u00e4nkung, Daten\u00fcbertragbarkeit, Widerruf und Widerspruch zu. Wenn Sie glauben, dass die Verarbeitung Ihrer Daten gegen das Datenschutzrecht verst\u00f6\u00dft oder Ihre datenschutzrechtlichen Anspr\u00fcche sonst in einer Weise verletzt worden sind, k\u00f6nnen Sie sich bei der Aufsichtsbeh\u00f6rde beschweren. In \u00d6sterreich ist dies die Datenschutzbeh\u00f6rde.<\/p><p id=\"heading_Sie_erreichen_uns_unter_folgenden_Kontaktdaten_\">Bei weiteren Fragen und Anliegen erreichen Sie uns unter folgendem\u00a0<span style=\"text-decoration: underline;\"><a href=\"https:\/\/www.engarde.net\/graz\/kontakt\/\">Kontakt<\/a><\/span>.<\/p>\t\t\t\t\t\t\t\t<\/div>\n\t\t\t\t<\/div>\n\t\t\t\t\t<\/div>\n\t\t<\/div>\n\t\t\t\t\t<\/div>\n\t\t<\/section>\n\t\t\t\t<section data-dce-background-color=\"#000000\" class=\"elementor-section elementor-top-section elementor-element elementor-element-2955f24e elementor-section-full_width elementor-section-height-default elementor-section-height-default\" data-id=\"2955f24e\" data-element_type=\"section\" data-e-type=\"section\" data-settings=\"{&quot;background_background&quot;:&quot;classic&quot;}\">\n\t\t\t\t\t\t<div class=\"elementor-container elementor-column-gap-default\">\n\t\t\t\t\t<div class=\"elementor-column elementor-col-100 elementor-top-column elementor-element elementor-element-5487bcd7\" data-id=\"5487bcd7\" data-element_type=\"column\" data-e-type=\"column\">\n\t\t\t<div class=\"elementor-widget-wrap elementor-element-populated\">\n\t\t\t\t\t\t<div data-dce-background-color=\"black\" class=\"elementor-element elementor-element-5d37ff8b elementor-widget elementor-widget-en-footer\" data-id=\"5d37ff8b\" data-element_type=\"widget\" data-e-type=\"widget\" data-widget_type=\"en-footer.default\">\n\t\t\t\t<div class=\"elementor-widget-container\">\n\t\t\t\t\t\t\t<div class=\"en-footer en-footer--big en-footer--black\">\n\n\t\t\t<div class=\"en-container\">\n\n\t\t\t\t\t\t\t\t\t\t<ul class=\"en-footer__offices\">\n\t\t\t\t\t\t\t\t\t\t\t\t\t\t\t<li class=\"en-footer__office\">\n\t\t\t\t\t\t\t\t\t<div class=\"en-footer__office_location\">\n\t\t\t\t\t\t\t\t\t\tGraz\n\t\t\t\t\t\t\t\t\t<\/div>\n\t\t\t\t\t\t\t\t\t<div class=\"en-footer__office_details\">\n\t\t\t\t\t\t\t\t\t\t<div class=\"en-hidden-md-down\">\n\t\t\t\t\t\t\t\t\t\t\tStempfergasse 1\/10 | 8010 Graz | +43 316 77 34 36 0 | studio@engarde.net \t\t\t\t\t\t\t\t\t\t<\/div>\n\n\t\t\t\t\t\t\t\t\t\t<div class=\"en-hidden-md-up en-flex en-items_center\">\n\t\t\t\t\t\t\t\t\t\t\t<div class=\"en-footer__office_address\">\n\t\t\t\t\t\t\t\t\t\t\t\tStempfergasse 1\/10 | 8010 Graz\t\t\t\t\t\t\t\t\t\t\t<\/div>\n\t\t\t\t\t\t\t\t\t\t\t<div class=\"en-flex en-items_center en-ml-auto\">\n\t\t\t\t\t\t\t\t\t\t\t\t<a class=\"en-footer__office_contact_icon\" href=\"mailto:studio@engarde.net \">\n\t\t\t\t\t\t\t\t\t\t\t\t\t<svg height=\"13.196\" viewBox=\"0 0 18.134 13.196\" width=\"18.134\" xmlns=\"http:\/\/www.w3.org\/2000\/svg\"><g fill=\"#fff\"><path d=\"m19.405 6.9h-14.739a.171.171 0 0 0 -.116.27l7.37 7.37a.145.145 0 0 0 .232 0l7.369-7.37a.153.153 0 0 0 -.116-.27z\" transform=\"translate(-2.969 -6.9)\"\/><path d=\"m.77 20.732 4.9-4.9a.145.145 0 0 0 0-.231l-4.9-4.862a.164.164 0 0 0 -.27.116v9.8a.15.15 0 0 0 .27.077z\" transform=\"translate(-.5 -9.234)\"\/><path d=\"m14.34 27.308a.145.145 0 0 0 -.232 0l-1.736 1.775a.932.932 0 0 1 -1.312 0l-1.774-1.775a.145.145 0 0 0 -.231 0l-5.016 5.016a.164.164 0 0 0 .116.27h15.124a.171.171 0 0 0 .116-.27z\" transform=\"translate(-2.65 -19.398)\"\/><path d=\"m38.908 10.739-4.9 4.9a.145.145 0 0 0 0 .232l4.9 4.9a.164.164 0 0 0 .27-.116v-9.8c0-.155-.154-.194-.27-.116z\" transform=\"translate(-21.044 -9.234)\"\/><\/g><\/svg>\t\t\t\t\t\t\t\t\t\t\t\t<\/a>\n\t\t\t\t\t\t\t\t\t\t\t\t<a class=\"en-footer__office_contact_icon\" href=\"tel:+43 316 77 34 36 0\">\n\t\t\t\t\t\t\t\t\t\t\t\t\t<svg height=\"14.862\" viewBox=\"0 0 20.574 14.862\" width=\"20.574\" xmlns=\"http:\/\/www.w3.org\/2000\/svg\"><path d=\"m2.277 14.956a39.044 39.044 0 0 1 8.009-1.075 39.055 39.055 0 0 1 8.01 1.076 2.938 2.938 0 0 1 -.076 5.741l-3.48-2.376a2.938 2.938 0 0 1 .267-1.814 45.269 45.269 0 0 0 -4.721-.27 45.247 45.247 0 0 0 -4.719.27 2.944 2.944 0 0 1 .267 1.814l-5.277 1.217a2.939 2.939 0 0 1 1.721-4.583zm11.54 1.761a12.973 12.973 0 0 0 4.8 7.223v4.8h-16.66v-4.8a12.97 12.97 0 0 0 4.8-7.223c.378-.031.773-.06 1.181-.084v1.224h4.7v-1.224c.407.023.802.052 1.18.084zm.1 5.978a3.629 3.629 0 1 0 -3.629 3.629 3.629 3.629 0 0 0 3.627-3.629zm-1.279 0a2.35 2.35 0 1 1 -2.35-2.35 2.35 2.35 0 0 1 2.349 2.35z\" fill=\"#fff\" transform=\"translate(0 -13.881)\"\/><\/svg>\t\t\t\t\t\t\t\t\t\t\t\t<\/a>\n\t\t\t\t\t\t\t\t\t\t\t<\/div>\n\t\t\t\t\t\t\t\t\t\t<\/div>\n\t\t\t\t\t\t\t\t\t<\/div>\n\t\t\t\t\t\t\t\t<\/li>\n\t\t\t\t\t\t\t\t\t\t\t\t\t\t\t\t<li class=\"en-footer__office\">\n\t\t\t\t\t\t\t\t\t<div class=\"en-footer__office_location\">\n\t\t\t\t\t\t\t\t\t\tWien\n\t\t\t\t\t\t\t\t\t<\/div>\n\t\t\t\t\t\t\t\t\t<div class=\"en-footer__office_details\">\n\t\t\t\t\t\t\t\t\t\t<div class=\"en-hidden-md-down\">\n\t\t\t\t\t\t\t\t\t\t\tKirchengasse 48\/8 | 1070 Wien | +43 699 1523 5059 | wien@engarde.net\t\t\t\t\t\t\t\t\t\t<\/div>\n\n\t\t\t\t\t\t\t\t\t\t<div class=\"en-hidden-md-up en-flex en-items_center\">\n\t\t\t\t\t\t\t\t\t\t\t<div class=\"en-footer__office_address\">\n\t\t\t\t\t\t\t\t\t\t\t\tKirchengasse 48\/8 | 1070 Wien\t\t\t\t\t\t\t\t\t\t\t<\/div>\n\t\t\t\t\t\t\t\t\t\t\t<div class=\"en-flex en-items_center en-ml-auto\">\n\t\t\t\t\t\t\t\t\t\t\t\t<a class=\"en-footer__office_contact_icon\" href=\"mailto:wien@engarde.net\">\n\t\t\t\t\t\t\t\t\t\t\t\t\t<svg height=\"13.196\" viewBox=\"0 0 18.134 13.196\" width=\"18.134\" xmlns=\"http:\/\/www.w3.org\/2000\/svg\"><g fill=\"#fff\"><path d=\"m19.405 6.9h-14.739a.171.171 0 0 0 -.116.27l7.37 7.37a.145.145 0 0 0 .232 0l7.369-7.37a.153.153 0 0 0 -.116-.27z\" transform=\"translate(-2.969 -6.9)\"\/><path d=\"m.77 20.732 4.9-4.9a.145.145 0 0 0 0-.231l-4.9-4.862a.164.164 0 0 0 -.27.116v9.8a.15.15 0 0 0 .27.077z\" transform=\"translate(-.5 -9.234)\"\/><path d=\"m14.34 27.308a.145.145 0 0 0 -.232 0l-1.736 1.775a.932.932 0 0 1 -1.312 0l-1.774-1.775a.145.145 0 0 0 -.231 0l-5.016 5.016a.164.164 0 0 0 .116.27h15.124a.171.171 0 0 0 .116-.27z\" transform=\"translate(-2.65 -19.398)\"\/><path d=\"m38.908 10.739-4.9 4.9a.145.145 0 0 0 0 .232l4.9 4.9a.164.164 0 0 0 .27-.116v-9.8c0-.155-.154-.194-.27-.116z\" transform=\"translate(-21.044 -9.234)\"\/><\/g><\/svg>\t\t\t\t\t\t\t\t\t\t\t\t<\/a>\n\t\t\t\t\t\t\t\t\t\t\t\t<a class=\"en-footer__office_contact_icon\" href=\"tel:+43 699 1523 5059\">\n\t\t\t\t\t\t\t\t\t\t\t\t\t<svg height=\"14.862\" viewBox=\"0 0 20.574 14.862\" width=\"20.574\" xmlns=\"http:\/\/www.w3.org\/2000\/svg\"><path d=\"m2.277 14.956a39.044 39.044 0 0 1 8.009-1.075 39.055 39.055 0 0 1 8.01 1.076 2.938 2.938 0 0 1 -.076 5.741l-3.48-2.376a2.938 2.938 0 0 1 .267-1.814 45.269 45.269 0 0 0 -4.721-.27 45.247 45.247 0 0 0 -4.719.27 2.944 2.944 0 0 1 .267 1.814l-5.277 1.217a2.939 2.939 0 0 1 1.721-4.583zm11.54 1.761a12.973 12.973 0 0 0 4.8 7.223v4.8h-16.66v-4.8a12.97 12.97 0 0 0 4.8-7.223c.378-.031.773-.06 1.181-.084v1.224h4.7v-1.224c.407.023.802.052 1.18.084zm.1 5.978a3.629 3.629 0 1 0 -3.629 3.629 3.629 3.629 0 0 0 3.627-3.629zm-1.279 0a2.35 2.35 0 1 1 -2.35-2.35 2.35 2.35 0 0 1 2.349 2.35z\" fill=\"#fff\" transform=\"translate(0 -13.881)\"\/><\/svg>\t\t\t\t\t\t\t\t\t\t\t\t<\/a>\n\t\t\t\t\t\t\t\t\t\t\t<\/div>\n\t\t\t\t\t\t\t\t\t\t<\/div>\n\t\t\t\t\t\t\t\t\t<\/div>\n\t\t\t\t\t\t\t\t<\/li>\n\t\t\t\t\t\t\t\t\t\t\t\t\t\t<\/ul>\n\t\t\t\t\t\t\t\t\t\t\t<ul class=\"en-footer__navigation_items\"><li class=\"en-footer__navigation_item\"><a href=\"https:\/\/www.engarde.net\/graz\/kontakt\/\" class=\"en-footer__navigation_item_link\">Kontakt<\/a><\/li><li class=\"en-footer__navigation_item\"><a href=\"https:\/\/www.facebook.com\/ThruTheHeart\" class=\"en-footer__navigation_item_link\" rel=\"noopener\">Facebook<\/a><\/li><li class=\"en-footer__navigation_item\"><a href=\"https:\/\/www.instagram.com\/agentur_engarde\/\" class=\"en-footer__navigation_item_link\" rel=\"noopener\">Instagram<\/a><\/li><li class=\"en-footer__navigation_item\"><a href=\"\/impressum\/\" class=\"en-footer__navigation_item_link\">Impressum<\/a><\/li><\/ul>\n\t\t\t<\/div>\n\n\t\t<\/div>\n\t\t\t\t\t\t<\/div>\n\t\t\t\t<\/div>\n\t\t\t\t\t<\/div>\n\t\t<\/div>\n\t\t\t\t\t<\/div>\n\t\t<\/section>\n\t\t\t\t<\/div>\n\t\t","protected":false},"excerpt":{"rendered":"<p>Impressum Standort Graz EN GARDE Interdisciplinary GmbHStempfergasse 1\/10, 8010 Graz, \u00d6sterreichFN 369350 mATU66732226 Gesch\u00e4ftsf\u00fchrung:Matthias Platzer, Patrick Haas Bankverbindung:Steierm\u00e4rkische Bank und Sparkassen AG, 8010\u00a0GrazIBAN AT69 2081 5000 0162 4808BIC\/SWIFT STSPAT2G Allgemeine Gesch\u00e4fts\u00adbedingungen Standort Wien COLLETTIVA Design GmbHKirchengasse 48\/8, 1070 Wien, \u00d6sterreichFN 215015 zATU58202055 Gesch\u00e4ftsf\u00fchrung:Matthias Platzer Erkl\u00e4rung zur Informationspflicht (Datenschutzerkl\u00e4rung) Der Schutz Ihrer pers\u00f6nlichen Daten ist uns [&hellip;]<\/p>\n","protected":false},"author":8,"featured_media":0,"parent":0,"menu_order":0,"comment_status":"closed","ping_status":"open","template":"","meta":{"_acf_changed":false,"footnotes":""},"class_list":["post-3","page","type-page","status-publish","hentry"],"acf":[],"_links":{"self":[{"href":"https:\/\/www.engarde.net\/graz\/wp-json\/wp\/v2\/pages\/3","targetHints":{"allow":["GET"]}}],"collection":[{"href":"https:\/\/www.engarde.net\/graz\/wp-json\/wp\/v2\/pages"}],"about":[{"href":"https:\/\/www.engarde.net\/graz\/wp-json\/wp\/v2\/types\/page"}],"author":[{"embeddable":true,"href":"https:\/\/www.engarde.net\/graz\/wp-json\/wp\/v2\/users\/8"}],"replies":[{"embeddable":true,"href":"https:\/\/www.engarde.net\/graz\/wp-json\/wp\/v2\/comments?post=3"}],"version-history":[{"count":8,"href":"https:\/\/www.engarde.net\/graz\/wp-json\/wp\/v2\/pages\/3\/revisions"}],"predecessor-version":[{"id":10394,"href":"https:\/\/www.engarde.net\/graz\/wp-json\/wp\/v2\/pages\/3\/revisions\/10394"}],"wp:attachment":[{"href":"https:\/\/www.engarde.net\/graz\/wp-json\/wp\/v2\/media?parent=3"}],"curies":[{"name":"wp","href":"https:\/\/api.w.org\/{rel}","templated":true}]}}