{"id":3477,"date":"2020-10-13T13:45:42","date_gmt":"2020-10-13T11:45:42","guid":{"rendered":"https:\/\/www.engarde.net\/graz\/impressum-2\/"},"modified":"2020-10-15T12:06:46","modified_gmt":"2020-10-15T10:06:46","slug":"agb-zusatz-hosting","status":"publish","type":"page","link":"https:\/\/www.engarde.net\/graz\/agb-zusatz-hosting\/","title":{"rendered":"AGB Zusatz Hosting"},"content":{"rendered":"\t\t<div data-elementor-type=\"wp-page\" data-elementor-id=\"3477\" class=\"elementor elementor-3477\" data-elementor-post-type=\"page\">\n\t\t\t\t\t\t<section data-dce-background-color=\"#020101\" class=\"elementor-section elementor-top-section elementor-element elementor-element-102658b7 elementor-section-boxed elementor-section-height-default elementor-section-height-default\" data-id=\"102658b7\" data-element_type=\"section\" data-e-type=\"section\" data-settings=\"{&quot;background_background&quot;:&quot;classic&quot;}\">\n\t\t\t\t\t\t<div class=\"elementor-container elementor-column-gap-default\">\n\t\t\t\t\t<div class=\"elementor-column elementor-col-100 elementor-top-column elementor-element elementor-element-7dd83226\" data-id=\"7dd83226\" data-element_type=\"column\" data-e-type=\"column\">\n\t\t\t<div class=\"elementor-widget-wrap elementor-element-populated\">\n\t\t\t\t\t\t<div data-dce-title-color=\"#FFFFFF\" class=\"elementor-element elementor-element-1b4a176b elementor-widget elementor-widget-heading\" data-id=\"1b4a176b\" data-element_type=\"widget\" data-e-type=\"widget\" data-widget_type=\"heading.default\">\n\t\t\t\t<div class=\"elementor-widget-container\">\n\t\t\t\t\t<h2 class=\"elementor-heading-title elementor-size-default\">AGB Zusatz Hosting\n<\/h2>\t\t\t\t<\/div>\n\t\t\t\t<\/div>\n\t\t\t\t<div data-dce-text-color=\"#FFFFFF\" class=\"elementor-element elementor-element-a2a1c81 elementor-widget elementor-widget-text-editor\" data-id=\"a2a1c81\" data-element_type=\"widget\" data-e-type=\"widget\" data-widget_type=\"text-editor.default\">\n\t\t\t\t<div class=\"elementor-widget-container\">\n\t\t\t\t\t\t\t\t\t<p><strong>Dieser AGB Zusatz kommt zur Anwendung, wenn Sie Webhosting-Services \u00fcber EN GARDE Interdisciplinary GmbH beziehen:<\/strong><\/p>\t\t\t\t\t\t\t\t<\/div>\n\t\t\t\t<\/div>\n\t\t\t\t\t<\/div>\n\t\t<\/div>\n\t\t\t\t\t<\/div>\n\t\t<\/section>\n\t\t\t\t<section class=\"elementor-section elementor-top-section elementor-element elementor-element-b29487e elementor-section-boxed elementor-section-height-default elementor-section-height-default\" data-id=\"b29487e\" data-element_type=\"section\" data-e-type=\"section\">\n\t\t\t\t\t\t<div class=\"elementor-container elementor-column-gap-default\">\n\t\t\t\t\t<div class=\"elementor-column elementor-col-100 elementor-top-column elementor-element elementor-element-044696a\" data-id=\"044696a\" data-element_type=\"column\" data-e-type=\"column\">\n\t\t\t<div class=\"elementor-widget-wrap elementor-element-populated\">\n\t\t\t\t\t\t<div class=\"elementor-element elementor-element-8fdd6cf elementor-widget elementor-widget-text-editor\" data-id=\"8fdd6cf\" data-element_type=\"widget\" data-e-type=\"widget\" data-widget_type=\"text-editor.default\">\n\t\t\t\t<div class=\"elementor-widget-container\">\n\t\t\t\t\t\t\t\t\t<p>Auf Ihren Wunsch, bieten wir Ihnen gerne ma\u00dfgeschneiderte Webhosting-Services, f\u00fcr Ihre Anforderungen, an. S\u00e4mtliche Hosting-Dienstleistungen werden von unserem Hostingpartner All-Inkl (http:\/\/www.all-inkl.com) abgewickelt, der sich als zuverl\u00e4sslicher, schneller und sicherer Hostingprovider hervorhebt.<\/p><p>Dies hat f\u00fcr Sie den Vorteil, dass Sie in allen beauftragten Bereichen ausschlie\u00dflich mit erfahrenen Profis zusammenarbeiten und es nicht erforderlich ist, sich mit technischen Details, Korrespondenz \u00fcber Ecken oder mehreren Rechnungen f\u00fcr im Grunde die selbe Leistung auseinanderzusetzen.<\/p><p>Wir \u00fcbernehmen im Zuge einer Website-Erstellung, auf Ihren Wunsch, gerne folgende Leistungen:<\/p><p>\u2022 Anlegen und Vorkonfigurieren der Hosting-Umgebung auf Basis Ihrer Anforderungen<br \/>\u2022 Abstimmung der Content Management System-Konfiguration auf die Serverumgebung<br \/>\u2022 Zuteilung der f\u00fcr Sie notwendigen Kontingente (Web-Speicherplatz, Anzahl der E-Mail-Accounts, Datenbanken etc.)<\/p><p>F\u00fcr die g\u00e4ngigsten F\u00e4lle haben wir Hostingpakete vorbereitet, die f\u00fcr die meisten Projekte ausreichen. Eine Erweiterung z.B. von Webspeicherplatz ist in der Regel kein Problem, ist aber unter Umst\u00e4nden mit Zusatzkosten verbunden.<\/p><p>Als Sub-Dienstleister deckt All-Inkl alle hostingbezogenen Leistungen ab. Es gelten somit alle Bestandteile der aktuellen AGB von All-Inkl auch Ihnen gegen\u00fcber, die mit dem gew\u00fcnschten Hosting-Service verbunden sind. Die All-Inkl-AGB finden Sie auf http:\/\/www.all-inkl.com.<\/p><p>Sollte es wider Erwarten zu Ausf\u00e4llen von E-Mail-Accounts oder dem Webserver kommen, die nicht softwarebezogen sind, richten Sie sich bitte direkt an All-Inkl (support@all-inkl.com), um eine unverz\u00fcgliche Behebung zu gew\u00e4hrleisten. Kontingenterweiterungen oder applikationsbezogene Anfragen richten Sie bitte an uns.<\/p><p>\u00a0<\/p><p><span style=\"text-decoration: underline;\"><a href=\"https:\/\/www.engarde.net\/graz\/agb\/\">Zur\u00fcck zu den AGBs<\/a><\/span><\/p>\t\t\t\t\t\t\t\t<\/div>\n\t\t\t\t<\/div>\n\t\t\t\t\t<\/div>\n\t\t<\/div>\n\t\t\t\t\t<\/div>\n\t\t<\/section>\n\t\t\t\t<section data-dce-background-color=\"#000000\" class=\"elementor-section elementor-top-section elementor-element elementor-element-2955f24e elementor-section-full_width elementor-section-height-default elementor-section-height-default\" data-id=\"2955f24e\" data-element_type=\"section\" data-e-type=\"section\" data-settings=\"{&quot;background_background&quot;:&quot;classic&quot;}\">\n\t\t\t\t\t\t<div class=\"elementor-container elementor-column-gap-default\">\n\t\t\t\t\t<div class=\"elementor-column elementor-col-100 elementor-top-column elementor-element elementor-element-5487bcd7\" data-id=\"5487bcd7\" data-element_type=\"column\" data-e-type=\"column\">\n\t\t\t<div class=\"elementor-widget-wrap elementor-element-populated\">\n\t\t\t\t\t\t<div data-dce-background-color=\"black\" class=\"elementor-element elementor-element-5d37ff8b elementor-widget elementor-widget-en-footer\" data-id=\"5d37ff8b\" data-element_type=\"widget\" data-e-type=\"widget\" data-widget_type=\"en-footer.default\">\n\t\t\t\t<div class=\"elementor-widget-container\">\n\t\t\t\t\t\t\t<div class=\"en-footer en-footer--big en-footer--black\">\n\n\t\t\t<div class=\"en-container\">\n\n\t\t\t\t\t\t\t\t\t\t<ul class=\"en-footer__offices\">\n\t\t\t\t\t\t\t\t\t\t\t\t\t\t\t<li class=\"en-footer__office\">\n\t\t\t\t\t\t\t\t\t<div class=\"en-footer__office_location\">\n\t\t\t\t\t\t\t\t\t\tGraz\n\t\t\t\t\t\t\t\t\t<\/div>\n\t\t\t\t\t\t\t\t\t<div class=\"en-footer__office_details\">\n\t\t\t\t\t\t\t\t\t\t<div class=\"en-hidden-md-down\">\n\t\t\t\t\t\t\t\t\t\t\tStempfergasse 1\/10 | 8010 Graz | +43 316 77 34 36 0 | studio@engarde.net \t\t\t\t\t\t\t\t\t\t<\/div>\n\n\t\t\t\t\t\t\t\t\t\t<div class=\"en-hidden-md-up en-flex en-items_center\">\n\t\t\t\t\t\t\t\t\t\t\t<div class=\"en-footer__office_address\">\n\t\t\t\t\t\t\t\t\t\t\t\tStempfergasse 1\/10 | 8010 Graz\t\t\t\t\t\t\t\t\t\t\t<\/div>\n\t\t\t\t\t\t\t\t\t\t\t<div class=\"en-flex en-items_center en-ml-auto\">\n\t\t\t\t\t\t\t\t\t\t\t\t<a class=\"en-footer__office_contact_icon\" href=\"mailto:studio@engarde.net \">\n\t\t\t\t\t\t\t\t\t\t\t\t\t<svg height=\"13.196\" viewBox=\"0 0 18.134 13.196\" width=\"18.134\" xmlns=\"http:\/\/www.w3.org\/2000\/svg\"><g fill=\"#fff\"><path d=\"m19.405 6.9h-14.739a.171.171 0 0 0 -.116.27l7.37 7.37a.145.145 0 0 0 .232 0l7.369-7.37a.153.153 0 0 0 -.116-.27z\" transform=\"translate(-2.969 -6.9)\"\/><path d=\"m.77 20.732 4.9-4.9a.145.145 0 0 0 0-.231l-4.9-4.862a.164.164 0 0 0 -.27.116v9.8a.15.15 0 0 0 .27.077z\" transform=\"translate(-.5 -9.234)\"\/><path d=\"m14.34 27.308a.145.145 0 0 0 -.232 0l-1.736 1.775a.932.932 0 0 1 -1.312 0l-1.774-1.775a.145.145 0 0 0 -.231 0l-5.016 5.016a.164.164 0 0 0 .116.27h15.124a.171.171 0 0 0 .116-.27z\" transform=\"translate(-2.65 -19.398)\"\/><path d=\"m38.908 10.739-4.9 4.9a.145.145 0 0 0 0 .232l4.9 4.9a.164.164 0 0 0 .27-.116v-9.8c0-.155-.154-.194-.27-.116z\" transform=\"translate(-21.044 -9.234)\"\/><\/g><\/svg>\t\t\t\t\t\t\t\t\t\t\t\t<\/a>\n\t\t\t\t\t\t\t\t\t\t\t\t<a class=\"en-footer__office_contact_icon\" href=\"tel:+43 316 77 34 36 0\">\n\t\t\t\t\t\t\t\t\t\t\t\t\t<svg height=\"14.862\" viewBox=\"0 0 20.574 14.862\" width=\"20.574\" xmlns=\"http:\/\/www.w3.org\/2000\/svg\"><path d=\"m2.277 14.956a39.044 39.044 0 0 1 8.009-1.075 39.055 39.055 0 0 1 8.01 1.076 2.938 2.938 0 0 1 -.076 5.741l-3.48-2.376a2.938 2.938 0 0 1 .267-1.814 45.269 45.269 0 0 0 -4.721-.27 45.247 45.247 0 0 0 -4.719.27 2.944 2.944 0 0 1 .267 1.814l-5.277 1.217a2.939 2.939 0 0 1 1.721-4.583zm11.54 1.761a12.973 12.973 0 0 0 4.8 7.223v4.8h-16.66v-4.8a12.97 12.97 0 0 0 4.8-7.223c.378-.031.773-.06 1.181-.084v1.224h4.7v-1.224c.407.023.802.052 1.18.084zm.1 5.978a3.629 3.629 0 1 0 -3.629 3.629 3.629 3.629 0 0 0 3.627-3.629zm-1.279 0a2.35 2.35 0 1 1 -2.35-2.35 2.35 2.35 0 0 1 2.349 2.35z\" fill=\"#fff\" transform=\"translate(0 -13.881)\"\/><\/svg>\t\t\t\t\t\t\t\t\t\t\t\t<\/a>\n\t\t\t\t\t\t\t\t\t\t\t<\/div>\n\t\t\t\t\t\t\t\t\t\t<\/div>\n\t\t\t\t\t\t\t\t\t<\/div>\n\t\t\t\t\t\t\t\t<\/li>\n\t\t\t\t\t\t\t\t\t\t\t\t\t\t\t\t<li class=\"en-footer__office\">\n\t\t\t\t\t\t\t\t\t<div class=\"en-footer__office_location\">\n\t\t\t\t\t\t\t\t\t\tWien\n\t\t\t\t\t\t\t\t\t<\/div>\n\t\t\t\t\t\t\t\t\t<div class=\"en-footer__office_details\">\n\t\t\t\t\t\t\t\t\t\t<div class=\"en-hidden-md-down\">\n\t\t\t\t\t\t\t\t\t\t\tKirchengasse 48\/8 | 1070 Wien | +43 699 1523 5059 | wien@engarde.net\t\t\t\t\t\t\t\t\t\t<\/div>\n\n\t\t\t\t\t\t\t\t\t\t<div class=\"en-hidden-md-up en-flex en-items_center\">\n\t\t\t\t\t\t\t\t\t\t\t<div class=\"en-footer__office_address\">\n\t\t\t\t\t\t\t\t\t\t\t\tKirchengasse 48\/8 | 1070 Wien\t\t\t\t\t\t\t\t\t\t\t<\/div>\n\t\t\t\t\t\t\t\t\t\t\t<div class=\"en-flex en-items_center en-ml-auto\">\n\t\t\t\t\t\t\t\t\t\t\t\t<a class=\"en-footer__office_contact_icon\" href=\"mailto:wien@engarde.net\">\n\t\t\t\t\t\t\t\t\t\t\t\t\t<svg height=\"13.196\" viewBox=\"0 0 18.134 13.196\" width=\"18.134\" xmlns=\"http:\/\/www.w3.org\/2000\/svg\"><g fill=\"#fff\"><path d=\"m19.405 6.9h-14.739a.171.171 0 0 0 -.116.27l7.37 7.37a.145.145 0 0 0 .232 0l7.369-7.37a.153.153 0 0 0 -.116-.27z\" transform=\"translate(-2.969 -6.9)\"\/><path d=\"m.77 20.732 4.9-4.9a.145.145 0 0 0 0-.231l-4.9-4.862a.164.164 0 0 0 -.27.116v9.8a.15.15 0 0 0 .27.077z\" transform=\"translate(-.5 -9.234)\"\/><path d=\"m14.34 27.308a.145.145 0 0 0 -.232 0l-1.736 1.775a.932.932 0 0 1 -1.312 0l-1.774-1.775a.145.145 0 0 0 -.231 0l-5.016 5.016a.164.164 0 0 0 .116.27h15.124a.171.171 0 0 0 .116-.27z\" transform=\"translate(-2.65 -19.398)\"\/><path d=\"m38.908 10.739-4.9 4.9a.145.145 0 0 0 0 .232l4.9 4.9a.164.164 0 0 0 .27-.116v-9.8c0-.155-.154-.194-.27-.116z\" transform=\"translate(-21.044 -9.234)\"\/><\/g><\/svg>\t\t\t\t\t\t\t\t\t\t\t\t<\/a>\n\t\t\t\t\t\t\t\t\t\t\t\t<a class=\"en-footer__office_contact_icon\" href=\"tel:+43 699 1523 5059\">\n\t\t\t\t\t\t\t\t\t\t\t\t\t<svg height=\"14.862\" viewBox=\"0 0 20.574 14.862\" width=\"20.574\" xmlns=\"http:\/\/www.w3.org\/2000\/svg\"><path d=\"m2.277 14.956a39.044 39.044 0 0 1 8.009-1.075 39.055 39.055 0 0 1 8.01 1.076 2.938 2.938 0 0 1 -.076 5.741l-3.48-2.376a2.938 2.938 0 0 1 .267-1.814 45.269 45.269 0 0 0 -4.721-.27 45.247 45.247 0 0 0 -4.719.27 2.944 2.944 0 0 1 .267 1.814l-5.277 1.217a2.939 2.939 0 0 1 1.721-4.583zm11.54 1.761a12.973 12.973 0 0 0 4.8 7.223v4.8h-16.66v-4.8a12.97 12.97 0 0 0 4.8-7.223c.378-.031.773-.06 1.181-.084v1.224h4.7v-1.224c.407.023.802.052 1.18.084zm.1 5.978a3.629 3.629 0 1 0 -3.629 3.629 3.629 3.629 0 0 0 3.627-3.629zm-1.279 0a2.35 2.35 0 1 1 -2.35-2.35 2.35 2.35 0 0 1 2.349 2.35z\" fill=\"#fff\" transform=\"translate(0 -13.881)\"\/><\/svg>\t\t\t\t\t\t\t\t\t\t\t\t<\/a>\n\t\t\t\t\t\t\t\t\t\t\t<\/div>\n\t\t\t\t\t\t\t\t\t\t<\/div>\n\t\t\t\t\t\t\t\t\t<\/div>\n\t\t\t\t\t\t\t\t<\/li>\n\t\t\t\t\t\t\t\t\t\t\t\t\t\t<\/ul>\n\t\t\t\t\t\t\t\t\t\t\t<ul class=\"en-footer__navigation_items\"><li class=\"en-footer__navigation_item\"><a href=\"https:\/\/www.engarde.net\/graz\/kontakt\/\" class=\"en-footer__navigation_item_link\">Kontakt<\/a><\/li><li class=\"en-footer__navigation_item\"><a href=\"https:\/\/www.facebook.com\/ThruTheHeart\" class=\"en-footer__navigation_item_link\" rel=\"noopener\">Facebook<\/a><\/li><li class=\"en-footer__navigation_item\"><a href=\"https:\/\/www.instagram.com\/agentur_engarde\/\" class=\"en-footer__navigation_item_link\" rel=\"noopener\">Instagram<\/a><\/li><li class=\"en-footer__navigation_item\"><a href=\"\/impressum\/\" class=\"en-footer__navigation_item_link\">Impressum<\/a><\/li><\/ul>\n\t\t\t<\/div>\n\n\t\t<\/div>\n\t\t\t\t\t\t<\/div>\n\t\t\t\t<\/div>\n\t\t\t\t\t<\/div>\n\t\t<\/div>\n\t\t\t\t\t<\/div>\n\t\t<\/section>\n\t\t\t\t<\/div>\n\t\t","protected":false},"excerpt":{"rendered":"<p>AGB Zusatz Hosting Dieser AGB Zusatz kommt zur Anwendung, wenn Sie Webhosting-Services \u00fcber EN GARDE Interdisciplinary GmbH beziehen: Auf Ihren Wunsch, bieten wir Ihnen gerne ma\u00dfgeschneiderte Webhosting-Services, f\u00fcr Ihre Anforderungen, an. S\u00e4mtliche Hosting-Dienstleistungen werden von unserem Hostingpartner All-Inkl (http:\/\/www.all-inkl.com) abgewickelt, der sich als zuverl\u00e4sslicher, schneller und sicherer Hostingprovider hervorhebt. Dies hat f\u00fcr Sie den Vorteil, [&hellip;]<\/p>\n","protected":false},"author":8,"featured_media":0,"parent":0,"menu_order":0,"comment_status":"closed","ping_status":"open","template":"","meta":{"_acf_changed":false,"footnotes":""},"class_list":["post-3477","page","type-page","status-publish","hentry"],"acf":[],"_links":{"self":[{"href":"https:\/\/www.engarde.net\/graz\/wp-json\/wp\/v2\/pages\/3477","targetHints":{"allow":["GET"]}}],"collection":[{"href":"https:\/\/www.engarde.net\/graz\/wp-json\/wp\/v2\/pages"}],"about":[{"href":"https:\/\/www.engarde.net\/graz\/wp-json\/wp\/v2\/types\/page"}],"author":[{"embeddable":true,"href":"https:\/\/www.engarde.net\/graz\/wp-json\/wp\/v2\/users\/8"}],"replies":[{"embeddable":true,"href":"https:\/\/www.engarde.net\/graz\/wp-json\/wp\/v2\/comments?post=3477"}],"version-history":[{"count":7,"href":"https:\/\/www.engarde.net\/graz\/wp-json\/wp\/v2\/pages\/3477\/revisions"}],"predecessor-version":[{"id":3749,"href":"https:\/\/www.engarde.net\/graz\/wp-json\/wp\/v2\/pages\/3477\/revisions\/3749"}],"wp:attachment":[{"href":"https:\/\/www.engarde.net\/graz\/wp-json\/wp\/v2\/media?parent=3477"}],"curies":[{"name":"wp","href":"https:\/\/api.w.org\/{rel}","templated":true}]}}